{"id":705,"date":"2025-10-10T16:38:46","date_gmt":"2025-10-10T14:38:46","guid":{"rendered":"https:\/\/lato-lontano.com\/?page_id=705"},"modified":"2026-01-06T07:55:44","modified_gmt":"2026-01-06T06:55:44","slug":"initiation-a-la-danse","status":"publish","type":"page","link":"https:\/\/lato-lontano.com\/index.php\/initiation-a-la-danse\/","title":{"rendered":"Atelier danse"},"content":{"rendered":"<div>\n<p><span style=\"color: #000000;\">Initiation \u00e0 la tarentelle et aux danses de bal, propos\u00e9e par Christophe Perraudeau, danseur et circassien.<\/span><br \/><span style=\"color: #000000;\">Destin\u00e9e \u00e0 un public large, de tous niveaux, cet atelier peut avoir lieu en amont d\u2019un bal.<\/span><br \/><span style=\"color: #000000;\">Le public apprendra les pas de base et leurs variantes, le port des bras, ainsi que la tenue du corps. La pratique et le jeu seront d\u2019abord individuels, puis en couple. L\u2019objectif double est de permettre \u00e0 chaque danseur ou danseuse d\u2019acqu\u00e9rir une pratique intuitive, en privil\u00e9giant le plaisir de danser.<\/span><\/p>\n<p><span style=\"color: #000000;\">L\u2019atelier sera accompagn\u00e9 en musique par les musiciens de Lato Lontano.<\/span><\/p>\n<\/div>\n\n\n<p class=\"has-text-align-left\"><\/p>\n\n\n\n<p><\/p>\n\n\n\n<figure class=\"wp-block-embed is-type-video is-provider-youtube wp-block-embed-youtube wp-embed-aspect-16-9 wp-has-aspect-ratio\"><div class=\"wp-block-embed__wrapper\">\n<iframe loading=\"lazy\" title=\"INITIATION TARENTELLE - LATO LONTANO\" width=\"604\" height=\"340\" src=\"https:\/\/www.youtube.com\/embed\/52hPSNwmlMA?feature=oembed\" frameborder=\"0\" allow=\"accelerometer; autoplay; clipboard-write; encrypted-media; gyroscope; picture-in-picture; web-share\" referrerpolicy=\"strict-origin-when-cross-origin\" allowfullscreen><\/iframe>\n<\/div><\/figure>\n","protected":false},"excerpt":{"rendered":"<p>Initiation \u00e0 la tarentelle et aux danses de bal, propos\u00e9e par Christophe Perraudeau, danseur et circassien.Destin\u00e9e \u00e0 un public large, de tous niveaux, cet atelier peut avoir lieu en amont d\u2019un bal.Le public apprendra les pas de base et leurs variantes, le port des bras, ainsi que la tenue du corps. La pratique et le [&hellip;]<\/p>\n","protected":false},"author":1,"featured_media":0,"parent":0,"menu_order":0,"comment_status":"closed","ping_status":"closed","template":"","meta":{"footnotes":""},"_links":{"self":[{"href":"https:\/\/lato-lontano.com\/index.php\/wp-json\/wp\/v2\/pages\/705"}],"collection":[{"href":"https:\/\/lato-lontano.com\/index.php\/wp-json\/wp\/v2\/pages"}],"about":[{"href":"https:\/\/lato-lontano.com\/index.php\/wp-json\/wp\/v2\/types\/page"}],"author":[{"embeddable":true,"href":"https:\/\/lato-lontano.com\/index.php\/wp-json\/wp\/v2\/users\/1"}],"replies":[{"embeddable":true,"href":"https:\/\/lato-lontano.com\/index.php\/wp-json\/wp\/v2\/comments?post=705"}],"version-history":[{"count":9,"href":"https:\/\/lato-lontano.com\/index.php\/wp-json\/wp\/v2\/pages\/705\/revisions"}],"predecessor-version":[{"id":762,"href":"https:\/\/lato-lontano.com\/index.php\/wp-json\/wp\/v2\/pages\/705\/revisions\/762"}],"wp:attachment":[{"href":"https:\/\/lato-lontano.com\/index.php\/wp-json\/wp\/v2\/media?parent=705"}],"curies":[{"name":"wp","href":"https:\/\/api.w.org\/{rel}","templated":true}]}}