{"id":8,"date":"2018-11-02T18:58:45","date_gmt":"2018-11-02T17:58:45","guid":{"rendered":"http:\/\/lato-lontano.com\/?page_id=8"},"modified":"2025-10-13T15:59:18","modified_gmt":"2025-10-13T13:59:18","slug":"le-groupe","status":"publish","type":"page","link":"https:\/\/lato-lontano.com\/","title":{"rendered":"Le groupe"},"content":{"rendered":"<div>\n<p align=\"JUSTIFY\"><span style=\"color: #000000;\"><span style=\"font-family: Arial, sans-serif;\"><span style=\"font-size: medium;\">Reflet d&rsquo;une riche tradition familiale du sud de l&rsquo;Italie, <strong>Lato Lontano<\/strong> renouvelle la musique m\u00e9diterran\u00e9enne en y ajoutant des touches armoricaines. <\/span><\/span><\/span><span style=\"color: #000000;\"><span style=\"font-family: Arial, sans-serif;\"><span style=\"font-size: medium;\">De la Sicile \u00e0 la Bretagne, ce combo p\u00e9tillant vous propulse dans l&rsquo;\u00e9nergie du bal.<\/span><\/span><\/span><\/p>\n<p align=\"JUSTIFY\"><span style=\"color: #000000;\"><span style=\"font-family: Arial, sans-serif;\"><span style=\"font-size: medium;\">Le son de la mandoline et de l&rsquo;accord\u00e9on fusionne avec les m\u00e9lodies enjou\u00e9es et joyeuses des voix ; l<\/span><\/span><\/span><span style=\"color: #000000;\"><span style=\"font-family: Arial, sans-serif;\"><span style=\"font-size: medium;\"><span lang=\"fr-FR\">es polkas, mazurkas et valses sont typiques de la p\u00e9ninsule, les tarentelles et les pizzicas se m\u00e9tamorphosent en cercles circassiens. Douce et l\u00e9g\u00e8re, \u00ab\u00a0<em>alla <\/em><\/span><\/span><\/span><\/span><span style=\"color: #000000;\"><span style=\"font-family: Arial, sans-serif;\"><span style=\"font-size: medium;\"><span lang=\"fr-FR\"><i>carpinese\u00a0\u00bb<\/i><\/span><\/span><\/span><\/span><span style=\"color: #000000;\"><span style=\"font-family: Arial, sans-serif;\"><span style=\"font-size: medium;\"><span lang=\"fr-FR\"> se fond en une gavotte de Grenoble tandis que <em>\u00ab\u00a0<\/em><\/span><\/span><\/span><\/span><em><span style=\"color: #000000;\"><span style=\"font-family: Arial, sans-serif;\"><span style=\"font-size: medium;\"><span lang=\"fr-FR\">Madonna delle Grazie\u00a0\u00bb<\/span><\/span><\/span><\/span><\/em><span style=\"color: #000000;\"><span style=\"font-family: Arial, sans-serif;\"><span style=\"font-size: medium;\"><span lang=\"fr-FR\"> vous emporte dans un tourbillon, une farandole effr\u00e9n\u00e9e.<\/span><\/span><\/span><\/span><\/p>\n<p lang=\"fr-FR\" align=\"JUSTIFY\"><span style=\"color: #000000;\"><span style=\"font-family: Arial, sans-serif;\"><span style=\"font-size: medium;\">L\u2019enthousiasme suscit\u00e9 par <strong>Lato Lontano<\/strong> est contagieux et se transmet \u00e0 travers la danse et la f\u00eate, et nul doute que ce r\u00e9pertoire familial fait fi des fronti\u00e8res !<br \/><\/span><\/span><\/span><\/p>\n<\/div>\n<h3><span style=\"color: #333333;\">\u00a0Live Son Continu (2025)<\/span><\/h3>\n\n\n<figure class=\"wp-block-embed is-type-video is-provider-youtube wp-block-embed-youtube wp-embed-aspect-16-9 wp-has-aspect-ratio\"><div class=\"wp-block-embed__wrapper\">\n<iframe loading=\"lazy\" title=\"Live LATO LONTANO \/ Festival Le SON CONTINU \/ Bal trad\" width=\"604\" height=\"340\" src=\"https:\/\/www.youtube.com\/embed\/ldNYOGciDHw?feature=oembed\" frameborder=\"0\" allow=\"accelerometer; autoplay; clipboard-write; encrypted-media; gyroscope; picture-in-picture; web-share\" referrerpolicy=\"strict-origin-when-cross-origin\" allowfullscreen><\/iframe>\n<\/div><\/figure>\n\n\n<h3><span style=\"color: #333333;\">Interview &#8211; ICI en France (France 3, 2025)<\/span><\/h3>\n\n\n<figure class=\"wp-block-embed is-type-video is-provider-youtube wp-block-embed-youtube wp-embed-aspect-16-9 wp-has-aspect-ratio\"><div class=\"wp-block-embed__wrapper\">\n<iframe loading=\"lazy\" title=\"LATO LONTANO \/ Les Italiennes CLISSON \/ ICI 12\/13 France 3\" width=\"604\" height=\"340\" src=\"https:\/\/www.youtube.com\/embed\/q9g8euF5G4k?feature=oembed\" frameborder=\"0\" allow=\"accelerometer; autoplay; clipboard-write; encrypted-media; gyroscope; picture-in-picture; web-share\" referrerpolicy=\"strict-origin-when-cross-origin\" allowfullscreen><\/iframe>\n<\/div><\/figure>\n\n\n<h3><span style=\"color: #333333;\">Teaser (2023)<\/span><\/h3>\n\n\n<figure class=\"wp-block-embed is-type-video is-provider-youtube wp-block-embed-youtube wp-embed-aspect-16-9 wp-has-aspect-ratio\"><div class=\"wp-block-embed__wrapper\">\n<iframe loading=\"lazy\" title=\"Lato Lontano - Gorizia (Mazurka) - Pizzica di San Vito (Cercle circassien) - Bal Folk\" width=\"604\" height=\"340\" src=\"https:\/\/www.youtube.com\/embed\/nPYfbY4C1dU?feature=oembed\" frameborder=\"0\" allow=\"accelerometer; autoplay; clipboard-write; encrypted-media; gyroscope; picture-in-picture; web-share\" referrerpolicy=\"strict-origin-when-cross-origin\" allowfullscreen><\/iframe>\n<\/div><\/figure>\n\n\n<h3><span style=\"color: #333333;\">Bal \u00e0 Rennes (2022)<\/span><\/h3>\n\n\n<figure class=\"wp-block-embed aligncenter is-type-video is-provider-youtube wp-block-embed-youtube wp-embed-aspect-16-9 wp-has-aspect-ratio\"><div class=\"wp-block-embed__wrapper\">\n<iframe loading=\"lazy\" title=\"Lato Lontano - Sala da barba (Mazurka) - Bal Folk\" width=\"604\" height=\"340\" src=\"https:\/\/www.youtube.com\/embed\/ZZrFE4rP8EU?feature=oembed\" frameborder=\"0\" allow=\"accelerometer; autoplay; clipboard-write; encrypted-media; gyroscope; picture-in-picture; web-share\" referrerpolicy=\"strict-origin-when-cross-origin\" allowfullscreen><\/iframe>\n<\/div><\/figure>\n\n\n<h3><span style=\"color: #333333;\">AUDIO<\/span><\/h3>\n\n\n<figure class=\"wp-block-embed is-type-rich is-provider-soundcloud wp-block-embed-soundcloud wp-embed-aspect-4-3 wp-has-aspect-ratio\"><div class=\"wp-block-embed__wrapper\">\n<iframe loading=\"lazy\" title=\"Live \/ Bal 2024 by Lato Lontano\" width=\"604\" height=\"450\" scrolling=\"no\" frameborder=\"no\" src=\"https:\/\/w.soundcloud.com\/player\/?visual=true&#038;url=https%3A%2F%2Fapi.soundcloud.com%2Fplaylists%2F1901550407&#038;show_artwork=true&#038;maxheight=906&#038;maxwidth=604\"><\/iframe>\n<\/div><\/figure>\n\n\n\n<div>\n<div>\n<p align=\"CENTER\"><span style=\"color: #000000;\"><span style=\"font-family: Arial, sans-serif;\"><span style=\"font-size: medium;\"><b>Pascale JURET<\/b><\/span><\/span><span style=\"font-family: Arial, sans-serif;\"><span style=\"font-size: medium;\"> voix<\/span><\/span><span style=\"font-family: Arial, sans-serif;\"><span style=\"font-size: medium;\"><b>,<\/b><\/span><\/span><span style=\"font-family: Arial, sans-serif;\"><span style=\"font-size: medium;\"> guitare, percussions<\/span><\/span><\/span><\/p>\n<p align=\"CENTER\"><span style=\"color: #000000;\"><span style=\"font-family: Arial, sans-serif;\"><span style=\"font-size: medium;\"><b><\/span><\/span><span style=\"font-family: Arial, sans-serif;\"><span style=\"font-size: medium;\">Nicolas GORE <\/b>accord\u00e9on<\/span><\/span><\/span><\/p>\n<p align=\"CENTER\"><span style=\"color: #000000;\"><span style=\"font-family: Arial, sans-serif;\"><span style=\"font-size: medium;\"><b>Olivier FILANGI <\/b><\/span><\/span><span style=\"font-family: Arial, sans-serif;\"><span style=\"font-size: medium;\">mandoline, mandole t\u00e9nor<\/span><\/span><\/span><\/p>\n<p align=\"CENTER\"><span style=\"color: #000000;\"><span style=\"font-family: Arial, sans-serif;\"><span style=\"font-size: medium;\"><b>Pierre-Yves PROTHAIS<\/b><\/span><\/span><b> <\/b><span style=\"font-family: Arial, sans-serif;\"><span style=\"font-size: medium;\">batterie, tambourin<\/span><\/span><\/span><\/p>\n<\/div>\n<\/div>\n\n\n\n<p class=\"has-text-align-left\"><div id=\"metaslider-id-580\" style=\"width: 100%; margin: 0 auto;\" class=\"ml-slider-3-107-0 metaslider metaslider-nivo metaslider-580 ml-slider ms-theme-default\" role=\"region\" aria-label=\"Lato 2 2024-07-15\" data-height=\"350\" data-width=\"630\">\n    <div id=\"metaslider_container_580\">\n        <div class='slider-wrapper theme-default'><div class='ribbon'><\/div><div id='metaslider_580' class='nivoSlider'><img loading=\"lazy\" decoding=\"async\" src=\"https:\/\/lato-lontano.com\/wp-content\/uploads\/2024\/08\/LATO-LONTANO-BTB-Pak-630x350.jpg\" height=\"350\" width=\"630\" title=\"LATO-LONTANO-BTB-Pak\" alt=\"\" class=\"slider-580 slide-626 msDefaultImage\" \/><img loading=\"lazy\" decoding=\"async\" src=\"https:\/\/lato-lontano.com\/wp-content\/uploads\/2024\/07\/lato_groupe-630x350.jpg\" height=\"350\" width=\"630\" title=\"lato_groupe\" alt=\"\" class=\"slider-580 slide-581 msDefaultImage\" \/><img loading=\"lazy\" decoding=\"async\" src=\"https:\/\/lato-lontano.com\/wp-content\/uploads\/2024\/08\/LATO-LONTANO-MN-Oliv-1-630x350.jpg\" height=\"350\" width=\"630\" title=\"LATO-LONTANO-MN-Oliv\" alt=\"\" class=\"slider-580 slide-624 msDefaultImage\" \/><img loading=\"lazy\" decoding=\"async\" src=\"https:\/\/lato-lontano.com\/wp-content\/uploads\/2024\/11\/LATO-LONTANO-MN-PY-630x350.jpg\" height=\"350\" width=\"630\" title=\"LATO-LONTANO-MN-PY\" alt=\"\" class=\"slider-580 slide-652 msDefaultImage\" \/><\/div><\/div>\n        \n    <\/div>\n<\/div><\/p>\n\n\n\n<p class=\"has-text-align-right\">Cr\u00e9dits Photos : Gw\u00e9na\u00ebl Moreau \/ Alex Boulic<\/p>\n\n\n\n<p><\/p>\n","protected":false},"excerpt":{"rendered":"<p>Reflet d&rsquo;une riche tradition familiale du sud de l&rsquo;Italie, Lato Lontano renouvelle la musique m\u00e9diterran\u00e9enne en y ajoutant des touches armoricaines. De la Sicile \u00e0 la Bretagne, ce combo p\u00e9tillant vous propulse dans l&rsquo;\u00e9nergie du bal. Le son de la mandoline et de l&rsquo;accord\u00e9on fusionne avec les m\u00e9lodies enjou\u00e9es et joyeuses des voix ; les [&hellip;]<\/p>\n","protected":false},"author":1,"featured_media":0,"parent":0,"menu_order":0,"comment_status":"closed","ping_status":"closed","template":"","meta":{"footnotes":""},"_links":{"self":[{"href":"https:\/\/lato-lontano.com\/index.php\/wp-json\/wp\/v2\/pages\/8"}],"collection":[{"href":"https:\/\/lato-lontano.com\/index.php\/wp-json\/wp\/v2\/pages"}],"about":[{"href":"https:\/\/lato-lontano.com\/index.php\/wp-json\/wp\/v2\/types\/page"}],"author":[{"embeddable":true,"href":"https:\/\/lato-lontano.com\/index.php\/wp-json\/wp\/v2\/users\/1"}],"replies":[{"embeddable":true,"href":"https:\/\/lato-lontano.com\/index.php\/wp-json\/wp\/v2\/comments?post=8"}],"version-history":[{"count":109,"href":"https:\/\/lato-lontano.com\/index.php\/wp-json\/wp\/v2\/pages\/8\/revisions"}],"predecessor-version":[{"id":727,"href":"https:\/\/lato-lontano.com\/index.php\/wp-json\/wp\/v2\/pages\/8\/revisions\/727"}],"wp:attachment":[{"href":"https:\/\/lato-lontano.com\/index.php\/wp-json\/wp\/v2\/media?parent=8"}],"curies":[{"name":"wp","href":"https:\/\/api.w.org\/{rel}","templated":true}]}}